{"id":3958,"date":"2024-06-21T22:00:11","date_gmt":"2024-06-22T01:00:11","guid":{"rendered":"https:\/\/www.rocknamontanha.com.br\/?page_id=3958"},"modified":"2026-03-27T09:44:17","modified_gmt":"2026-03-27T12:44:17","slug":"camping","status":"publish","type":"page","link":"https:\/\/www.rocknamontanha.com.br\/camping\/","title":{"rendered":"Camping"},"content":{"rendered":"\t\t<div data-elementor-type=\"wp-page\" data-elementor-id=\"3958\" class=\"elementor elementor-3958\">\n\t\t\t\t\t\t<section class=\"elementor-section elementor-top-section elementor-element elementor-element-6e986a56 elementor-section-boxed elementor-section-height-default elementor-section-height-default\" data-id=\"6e986a56\" data-element_type=\"section\" data-e-type=\"section\" data-settings=\"{&quot;background_background&quot;:&quot;classic&quot;}\">\n\t\t\t\t\t\t<div class=\"elementor-container elementor-column-gap-default\">\n\t\t\t\t\t<div class=\"elementor-column elementor-col-100 elementor-top-column elementor-element elementor-element-29e2b867\" data-id=\"29e2b867\" data-element_type=\"column\" data-e-type=\"column\">\n\t\t\t<div class=\"elementor-widget-wrap elementor-element-populated\">\n\t\t\t\t\t\t<div class=\"elementor-element elementor-element-da81b13 elementor-widget elementor-widget-heading\" data-id=\"da81b13\" data-element_type=\"widget\" data-e-type=\"widget\" data-settings=\"{&quot;ekit_we_effect_on&quot;:&quot;none&quot;}\" data-widget_type=\"heading.default\">\n\t\t\t\t<div class=\"elementor-widget-container\">\n\t\t\t\t\t<h2 class=\"elementor-heading-title elementor-size-default\">\u00c1rea de Camping<\/h2>\t\t\t\t<\/div>\n\t\t\t\t<\/div>\n\t\t\t\t<div class=\"elementor-element elementor-element-6d197ddd elementor-widget elementor-widget-exhibz-title\" data-id=\"6d197ddd\" data-element_type=\"widget\" data-e-type=\"widget\" data-settings=\"{&quot;_animation&quot;:&quot;none&quot;,&quot;_animation_delay&quot;:350,&quot;ekit_we_effect_on&quot;:&quot;none&quot;}\" data-widget_type=\"exhibz-title.default\">\n\t\t\t\t<div class=\"elementor-widget-container\">\n\t\t\t\t\t\n    <div class=\"title-section-area\">\n        <h2 class=\"section-title\">\n            <span class=\"sub-title\"><\/span>\n\t\t\tO Rock na Montanha disponibiliza uma a\u00e9rea<br> de camping para os participantes do festival        <\/h2>\n\t\t\t\t\t<div class=\"title-desc\"><p><span style=\"color: #ffffff\">Sem nenhum custo adicional. O espa\u00e7o \u00e9 roots, possui banheiros qu\u00edmicos, um lavat\u00f3rio comunit\u00e1rio e n\u00e3o possui chuveiros, nem energia el\u00e9trica para uso no camping.<\/span><br \/><span style=\"color: #ffffff\">O hor\u00e1rio de in\u00edcio para montar sua barraca ou tenda \u00e9 \u00e0 partir das 8h. do s\u00e1bado, dia 04\/07\/2026.<\/span><br \/><span style=\"color: #ffffff\">\u00c9 permitido levar churrasqueira, cadeiras de praia e cooler com alimentos e bebidas, mas teremos uma pra\u00e7a de alimenta\u00e7\u00e3o completa, inclusive com venda de caf\u00e9 da manh\u00e3 no domingo dia 05\/07.<\/span><br \/><span style=\"color: #ffffff\">Van, Perua Kombi ou Motor Home podem ficar estacionados somente na \u00e1rea do estacionamento dos campistas.<\/span><br \/><span style=\"color: #ffffff\">Uma dica importante: Se poss\u00edvel, leve um carrinho para carregar seus apetrechos at\u00e9 a \u00e1rea\u00a0do\u00a0camping.<\/span><\/p><\/div>\n\t\t                            <span class=\"title-border\">&nbsp;<\/span>\n            <\/div><!-- Section title -->\n    \n    \n\n    \t\t\t\t<\/div>\n\t\t\t\t<\/div>\n\t\t\t\t\t<\/div>\n\t\t<\/div>\n\t\t\t\t\t<\/div>\n\t\t<\/section>\n\t\t\t\t<section class=\"elementor-section elementor-top-section elementor-element elementor-element-b8a486a elementor-section-boxed elementor-section-height-default elementor-section-height-default\" data-id=\"b8a486a\" data-element_type=\"section\" data-e-type=\"section\" data-settings=\"{&quot;background_background&quot;:&quot;classic&quot;}\">\n\t\t\t\t\t\t<div class=\"elementor-container elementor-column-gap-default\">\n\t\t\t\t\t<div class=\"elementor-column elementor-col-100 elementor-top-column elementor-element elementor-element-65f56b3\" data-id=\"65f56b3\" data-element_type=\"column\" data-e-type=\"column\">\n\t\t\t<div class=\"elementor-widget-wrap elementor-element-populated\">\n\t\t\t\t\t\t<div class=\"elementor-element elementor-element-1ea8565 elementor-widget elementor-widget-foogallery\" data-id=\"1ea8565\" data-element_type=\"widget\" data-e-type=\"widget\" data-settings=\"{&quot;ekit_we_effect_on&quot;:&quot;none&quot;}\" data-widget_type=\"foogallery.default\">\n\t\t\t\t<div class=\"elementor-widget-container\">\n\t\t\t\t\t<style type=\"text\/css\">\n#foogallery-gallery-3963 .fg-image { width: 200px; }\n#foogallery-gallery-3963 { --fg-gutter: 10px; }<\/style>\n\t\t\t<div class=\"foogallery foogallery-container foogallery-default foogallery-lightbox-foobox fg-center fg-m-col1 fg-default fg-ready fg-light fg-border-thin fg-shadow-outline fg-loading-default fg-loaded-fade-in fg-caption-hover fg-hover-fade fg-hover-zoom\" id=\"foogallery-gallery-3963\" data-foogallery=\"{&quot;item&quot;:{&quot;showCaptionTitle&quot;:true,&quot;showCaptionDescription&quot;:true},&quot;lazy&quot;:true}\" style=\"--fg-title-line-clamp: 0; --fg-description-line-clamp: 0;\" >\n\t<div class=\"fg-item fg-type-image fg-idle\"><figure class=\"fg-item-inner\"><a href=\"https:\/\/www.rocknamontanha.com.br\/wp-content\/uploads\/2024\/06\/Camping4.jpg\" data-attachment-id=\"3964\" data-e-disable-page-transition=\"true\" data-type=\"image\" class=\"fg-thumb\"><span class=\"fg-image-wrap\"><img decoding=\"async\" width=\"200\" height=\"200\" class=\"skip-lazy fg-image\" data-src-fg=\"https:\/\/www.rocknamontanha.com.br\/wp-content\/uploads\/cache\/2024\/06\/Camping4\/2871511951.jpg\" src=\"data:image\/svg+xml,%3Csvg%20xmlns%3D%22http%3A%2F%2Fwww.w3.org%2F2000%2Fsvg%22%20width%3D%22200%22%20height%3D%22200%22%20viewBox%3D%220%200%20200%20200%22%3E%3C%2Fsvg%3E\" loading=\"eager\"><\/span><span class=\"fg-image-overlay\"><\/span><\/a><\/figure><div class=\"fg-loader\"><\/div><\/div><div class=\"fg-item fg-type-image fg-idle\"><figure class=\"fg-item-inner\"><a href=\"https:\/\/www.rocknamontanha.com.br\/wp-content\/uploads\/2024\/06\/Camping3.jpg\" data-attachment-id=\"3965\" data-e-disable-page-transition=\"true\" data-type=\"image\" class=\"fg-thumb\"><span class=\"fg-image-wrap\"><img decoding=\"async\" width=\"200\" height=\"200\" class=\"skip-lazy fg-image\" data-src-fg=\"https:\/\/www.rocknamontanha.com.br\/wp-content\/uploads\/cache\/2024\/06\/Camping3\/3094848077.jpg\" src=\"data:image\/svg+xml,%3Csvg%20xmlns%3D%22http%3A%2F%2Fwww.w3.org%2F2000%2Fsvg%22%20width%3D%22200%22%20height%3D%22200%22%20viewBox%3D%220%200%20200%20200%22%3E%3C%2Fsvg%3E\" loading=\"eager\"><\/span><span class=\"fg-image-overlay\"><\/span><\/a><\/figure><div class=\"fg-loader\"><\/div><\/div><div class=\"fg-item fg-type-image fg-idle\"><figure class=\"fg-item-inner\"><a href=\"https:\/\/www.rocknamontanha.com.br\/wp-content\/uploads\/2024\/06\/Camping2.jpg\" data-attachment-id=\"3966\" data-e-disable-page-transition=\"true\" data-type=\"image\" class=\"fg-thumb\"><span class=\"fg-image-wrap\"><img decoding=\"async\" width=\"200\" height=\"200\" class=\"skip-lazy fg-image\" data-src-fg=\"https:\/\/www.rocknamontanha.com.br\/wp-content\/uploads\/cache\/2024\/06\/Camping2\/1583481790.jpg\" src=\"data:image\/svg+xml,%3Csvg%20xmlns%3D%22http%3A%2F%2Fwww.w3.org%2F2000%2Fsvg%22%20width%3D%22200%22%20height%3D%22200%22%20viewBox%3D%220%200%20200%20200%22%3E%3C%2Fsvg%3E\" loading=\"eager\"><\/span><span class=\"fg-image-overlay\"><\/span><\/a><\/figure><div class=\"fg-loader\"><\/div><\/div><div class=\"fg-item fg-type-image fg-idle\"><figure class=\"fg-item-inner\"><a href=\"https:\/\/www.rocknamontanha.com.br\/wp-content\/uploads\/2024\/06\/Camping1.jpg\" data-attachment-id=\"3967\" data-e-disable-page-transition=\"true\" data-type=\"image\" class=\"fg-thumb\"><span class=\"fg-image-wrap\"><img decoding=\"async\" width=\"200\" height=\"200\" class=\"skip-lazy fg-image\" data-src-fg=\"https:\/\/www.rocknamontanha.com.br\/wp-content\/uploads\/cache\/2024\/06\/Camping1\/3380110470.jpg\" src=\"data:image\/svg+xml,%3Csvg%20xmlns%3D%22http%3A%2F%2Fwww.w3.org%2F2000%2Fsvg%22%20width%3D%22200%22%20height%3D%22200%22%20viewBox%3D%220%200%20200%20200%22%3E%3C%2Fsvg%3E\" loading=\"eager\"><\/span><span class=\"fg-image-overlay\"><\/span><\/a><\/figure><div class=\"fg-loader\"><\/div><\/div><\/div>\n\t\t\t\t<\/div>\n\t\t\t\t<\/div>\n\t\t\t\t\t<\/div>\n\t\t<\/div>\n\t\t\t\t\t<\/div>\n\t\t<\/section>\n\t\t\t\t<section class=\"elementor-section elementor-top-section elementor-element elementor-element-4a1a0d6e elementor-section-boxed elementor-section-height-default elementor-section-height-default\" data-id=\"4a1a0d6e\" data-element_type=\"section\" data-e-type=\"section\" data-settings=\"{&quot;background_background&quot;:&quot;classic&quot;}\">\n\t\t\t\t\t\t\t<div class=\"elementor-background-overlay\"><\/div>\n\t\t\t\t\t\t\t<div class=\"elementor-container elementor-column-gap-default\">\n\t\t\t\t\t<div class=\"elementor-column elementor-col-100 elementor-top-column elementor-element elementor-element-6254f88f\" data-id=\"6254f88f\" data-element_type=\"column\" data-e-type=\"column\">\n\t\t\t<div class=\"elementor-widget-wrap elementor-element-populated\">\n\t\t\t\t\t\t<div class=\"elementor-element elementor-element-491f9b83 elementor-widget elementor-widget-exhibz-title\" data-id=\"491f9b83\" data-element_type=\"widget\" data-e-type=\"widget\" data-settings=\"{&quot;_animation&quot;:&quot;none&quot;,&quot;_animation_delay&quot;:350,&quot;ekit_we_effect_on&quot;:&quot;none&quot;}\" data-widget_type=\"exhibz-title.default\">\n\t\t\t\t<div class=\"elementor-widget-container\">\n\t\t\t\t\t\n    <div class=\"title-section-area\">\n        <h2 class=\"section-title\">\n            <span class=\"sub-title\">Ingressos \u00e0 venda!<\/span>\n\t\t\tCompre aqui seu ingresso        <\/h2>\n\t\t                            <span class=\"title-border\">&nbsp;<\/span>\n            <\/div><!-- Section title -->\n    \n    \n\n    \t\t\t\t<\/div>\n\t\t\t\t<\/div>\n\t\t\t\t<div class=\"elementor-element elementor-element-73e27ff elementor-align-center elementor-widget elementor-widget-button\" data-id=\"73e27ff\" data-element_type=\"widget\" data-e-type=\"widget\" data-settings=\"{&quot;ekit_we_effect_on&quot;:&quot;none&quot;}\" data-widget_type=\"button.default\">\n\t\t\t\t<div class=\"elementor-widget-container\">\n\t\t\t\t\t\t\t\t\t<div class=\"elementor-button-wrapper\">\n\t\t\t\t\t<a class=\"elementor-button elementor-button-link elementor-size-lg\" href=\"https:\/\/eventou.com.br\/evento\/Rock-na-Montanha__2667\">\n\t\t\t\t\t\t<span class=\"elementor-button-content-wrapper\">\n\t\t\t\t\t\t\t\t\t<span class=\"elementor-button-text\">COMPRAR AGORA<\/span>\n\t\t\t\t\t<\/span>\n\t\t\t\t\t<\/a>\n\t\t\t\t<\/div>\n\t\t\t\t\t\t\t\t<\/div>\n\t\t\t\t<\/div>\n\t\t\t\t<div class=\"elementor-element elementor-element-100d34d elementor-align-center elementor-hidden-desktop elementor-hidden-tablet elementor-hidden-mobile elementor-widget elementor-widget-button\" data-id=\"100d34d\" data-element_type=\"widget\" data-e-type=\"widget\" data-settings=\"{&quot;ekit_we_effect_on&quot;:&quot;none&quot;}\" data-widget_type=\"button.default\">\n\t\t\t\t<div class=\"elementor-widget-container\">\n\t\t\t\t\t\t\t\t\t<div class=\"elementor-button-wrapper\">\n\t\t\t\t\t<a class=\"elementor-button elementor-button-link elementor-size-md\" href=\"https:\/\/api.whatsapp.com\/send?phone=5519971357171&#038;text=Ol%C3%A1%2C%20quero%20confirmar%20presen%C3%A7a%20no%20Rock%20na%20Montanha!\">\n\t\t\t\t\t\t<span class=\"elementor-button-content-wrapper\">\n\t\t\t\t\t\t\t\t\t<span class=\"elementor-button-text\">Confirmar Presen\u00e7a<\/span>\n\t\t\t\t\t<\/span>\n\t\t\t\t\t<\/a>\n\t\t\t\t<\/div>\n\t\t\t\t\t\t\t\t<\/div>\n\t\t\t\t<\/div>\n\t\t\t\t\t<\/div>\n\t\t<\/div>\n\t\t\t\t\t<\/div>\n\t\t<\/section>\n\t\t\t\t<\/div>\n\t\t","protected":false},"excerpt":{"rendered":"<p>\u00c1rea de Camping O Rock na Montanha disponibiliza uma a\u00e9rea de camping para os participantes do festival Sem nenhum custo adicional. O espa\u00e7o \u00e9 roots, possui banheiros qu\u00edmicos, um lavat\u00f3rio comunit\u00e1rio e n\u00e3o possui chuveiros, nem energia el\u00e9trica para uso no camping.O hor\u00e1rio de in\u00edcio para montar sua barraca ou tenda \u00e9 \u00e0 partir das [&hellip;]<\/p>\n","protected":false},"author":1,"featured_media":0,"parent":0,"menu_order":0,"comment_status":"closed","ping_status":"closed","template":"template\/full-width-template.php","meta":{"footnotes":""},"class_list":["post-3958","page","type-page","status-publish","hentry"],"yoast_head":"<!-- This site is optimized with the Yoast SEO plugin v24.3 - https:\/\/yoast.com\/wordpress\/plugins\/seo\/ -->\n<title>Camping - Rock na Montanha<\/title>\n<meta name=\"robots\" content=\"index, follow, max-snippet:-1, max-image-preview:large, max-video-preview:-1\" \/>\n<link rel=\"canonical\" href=\"https:\/\/www.rocknamontanha.com.br\/camping\/\" \/>\n<meta property=\"og:locale\" content=\"pt_BR\" \/>\n<meta property=\"og:type\" content=\"article\" \/>\n<meta property=\"og:title\" content=\"Camping - Rock na Montanha\" \/>\n<meta property=\"og:description\" content=\"\u00c1rea de Camping O Rock na Montanha disponibiliza uma a\u00e9rea de camping para os participantes do festival Sem nenhum custo adicional. O espa\u00e7o \u00e9 roots, possui banheiros qu\u00edmicos, um lavat\u00f3rio comunit\u00e1rio e n\u00e3o possui chuveiros, nem energia el\u00e9trica para uso no camping.O hor\u00e1rio de in\u00edcio para montar sua barraca ou tenda \u00e9 \u00e0 partir das [&hellip;]\" \/>\n<meta property=\"og:url\" content=\"https:\/\/www.rocknamontanha.com.br\/camping\/\" \/>\n<meta property=\"og:site_name\" content=\"Rock na Montanha\" \/>\n<meta property=\"article:modified_time\" content=\"2026-03-27T12:44:17+00:00\" \/>\n<meta property=\"og:image\" content=\"https:\/\/www.rocknamontanha.com.br\/wp-content\/uploads\/2022\/05\/Logo-rnm.png\" \/>\n\t<meta property=\"og:image:width\" content=\"200\" \/>\n\t<meta property=\"og:image:height\" content=\"200\" \/>\n\t<meta property=\"og:image:type\" content=\"image\/png\" \/>\n<meta name=\"twitter:card\" content=\"summary_large_image\" \/>\n<meta name=\"twitter:label1\" content=\"Est. tempo de leitura\" \/>\n\t<meta name=\"twitter:data1\" content=\"2 minutos\" \/>\n<script type=\"application\/ld+json\" class=\"yoast-schema-graph\">{\"@context\":\"https:\/\/schema.org\",\"@graph\":[{\"@type\":\"WebPage\",\"@id\":\"https:\/\/www.rocknamontanha.com.br\/camping\/\",\"url\":\"https:\/\/www.rocknamontanha.com.br\/camping\/\",\"name\":\"Camping - Rock na Montanha\",\"isPartOf\":{\"@id\":\"http:\/\/54.88.194.183\/#website\"},\"datePublished\":\"2024-06-22T01:00:11+00:00\",\"dateModified\":\"2026-03-27T12:44:17+00:00\",\"breadcrumb\":{\"@id\":\"https:\/\/www.rocknamontanha.com.br\/camping\/#breadcrumb\"},\"inLanguage\":\"pt-BR\",\"potentialAction\":[{\"@type\":\"ReadAction\",\"target\":[\"https:\/\/www.rocknamontanha.com.br\/camping\/\"]}]},{\"@type\":\"BreadcrumbList\",\"@id\":\"https:\/\/www.rocknamontanha.com.br\/camping\/#breadcrumb\",\"itemListElement\":[{\"@type\":\"ListItem\",\"position\":1,\"name\":\"In\u00edcio\",\"item\":\"http:\/\/54.88.194.183\/\"},{\"@type\":\"ListItem\",\"position\":2,\"name\":\"Camping\"}]},{\"@type\":\"WebSite\",\"@id\":\"http:\/\/54.88.194.183\/#website\",\"url\":\"http:\/\/54.88.194.183\/\",\"name\":\"Rock na Montanha\",\"description\":\"Festival anual de Rock&#039;n Roll nas montanhas da Serra da Mantiqueira, na terra da Poesia!\",\"publisher\":{\"@id\":\"http:\/\/54.88.194.183\/#organization\"},\"potentialAction\":[{\"@type\":\"SearchAction\",\"target\":{\"@type\":\"EntryPoint\",\"urlTemplate\":\"http:\/\/54.88.194.183\/?s={search_term_string}\"},\"query-input\":{\"@type\":\"PropertyValueSpecification\",\"valueRequired\":true,\"valueName\":\"search_term_string\"}}],\"inLanguage\":\"pt-BR\"},{\"@type\":\"Organization\",\"@id\":\"http:\/\/54.88.194.183\/#organization\",\"name\":\"Rock na Montanha\",\"url\":\"http:\/\/54.88.194.183\/\",\"logo\":{\"@type\":\"ImageObject\",\"inLanguage\":\"pt-BR\",\"@id\":\"http:\/\/54.88.194.183\/#\/schema\/logo\/image\/\",\"url\":\"https:\/\/www.rocknamontanha.com.br\/wp-content\/uploads\/2022\/03\/fav.png\",\"contentUrl\":\"https:\/\/www.rocknamontanha.com.br\/wp-content\/uploads\/2022\/03\/fav.png\",\"width\":90,\"height\":90,\"caption\":\"Rock na Montanha\"},\"image\":{\"@id\":\"http:\/\/54.88.194.183\/#\/schema\/logo\/image\/\"}}]}<\/script>\n<!-- \/ Yoast SEO plugin. -->","yoast_head_json":{"title":"Camping - Rock na Montanha","robots":{"index":"index","follow":"follow","max-snippet":"max-snippet:-1","max-image-preview":"max-image-preview:large","max-video-preview":"max-video-preview:-1"},"canonical":"https:\/\/www.rocknamontanha.com.br\/camping\/","og_locale":"pt_BR","og_type":"article","og_title":"Camping - Rock na Montanha","og_description":"\u00c1rea de Camping O Rock na Montanha disponibiliza uma a\u00e9rea de camping para os participantes do festival Sem nenhum custo adicional. O espa\u00e7o \u00e9 roots, possui banheiros qu\u00edmicos, um lavat\u00f3rio comunit\u00e1rio e n\u00e3o possui chuveiros, nem energia el\u00e9trica para uso no camping.O hor\u00e1rio de in\u00edcio para montar sua barraca ou tenda \u00e9 \u00e0 partir das [&hellip;]","og_url":"https:\/\/www.rocknamontanha.com.br\/camping\/","og_site_name":"Rock na Montanha","article_modified_time":"2026-03-27T12:44:17+00:00","og_image":[{"width":200,"height":200,"url":"https:\/\/www.rocknamontanha.com.br\/wp-content\/uploads\/2022\/05\/Logo-rnm.png","type":"image\/png"}],"twitter_card":"summary_large_image","twitter_misc":{"Est. tempo de leitura":"2 minutos"},"schema":{"@context":"https:\/\/schema.org","@graph":[{"@type":"WebPage","@id":"https:\/\/www.rocknamontanha.com.br\/camping\/","url":"https:\/\/www.rocknamontanha.com.br\/camping\/","name":"Camping - Rock na Montanha","isPartOf":{"@id":"http:\/\/54.88.194.183\/#website"},"datePublished":"2024-06-22T01:00:11+00:00","dateModified":"2026-03-27T12:44:17+00:00","breadcrumb":{"@id":"https:\/\/www.rocknamontanha.com.br\/camping\/#breadcrumb"},"inLanguage":"pt-BR","potentialAction":[{"@type":"ReadAction","target":["https:\/\/www.rocknamontanha.com.br\/camping\/"]}]},{"@type":"BreadcrumbList","@id":"https:\/\/www.rocknamontanha.com.br\/camping\/#breadcrumb","itemListElement":[{"@type":"ListItem","position":1,"name":"In\u00edcio","item":"http:\/\/54.88.194.183\/"},{"@type":"ListItem","position":2,"name":"Camping"}]},{"@type":"WebSite","@id":"http:\/\/54.88.194.183\/#website","url":"http:\/\/54.88.194.183\/","name":"Rock na Montanha","description":"Festival anual de Rock&#039;n Roll nas montanhas da Serra da Mantiqueira, na terra da Poesia!","publisher":{"@id":"http:\/\/54.88.194.183\/#organization"},"potentialAction":[{"@type":"SearchAction","target":{"@type":"EntryPoint","urlTemplate":"http:\/\/54.88.194.183\/?s={search_term_string}"},"query-input":{"@type":"PropertyValueSpecification","valueRequired":true,"valueName":"search_term_string"}}],"inLanguage":"pt-BR"},{"@type":"Organization","@id":"http:\/\/54.88.194.183\/#organization","name":"Rock na Montanha","url":"http:\/\/54.88.194.183\/","logo":{"@type":"ImageObject","inLanguage":"pt-BR","@id":"http:\/\/54.88.194.183\/#\/schema\/logo\/image\/","url":"https:\/\/www.rocknamontanha.com.br\/wp-content\/uploads\/2022\/03\/fav.png","contentUrl":"https:\/\/www.rocknamontanha.com.br\/wp-content\/uploads\/2022\/03\/fav.png","width":90,"height":90,"caption":"Rock na Montanha"},"image":{"@id":"http:\/\/54.88.194.183\/#\/schema\/logo\/image\/"}}]}},"_links":{"self":[{"href":"https:\/\/www.rocknamontanha.com.br\/wp-json\/wp\/v2\/pages\/3958","targetHints":{"allow":["GET"]}}],"collection":[{"href":"https:\/\/www.rocknamontanha.com.br\/wp-json\/wp\/v2\/pages"}],"about":[{"href":"https:\/\/www.rocknamontanha.com.br\/wp-json\/wp\/v2\/types\/page"}],"author":[{"embeddable":true,"href":"https:\/\/www.rocknamontanha.com.br\/wp-json\/wp\/v2\/users\/1"}],"replies":[{"embeddable":true,"href":"https:\/\/www.rocknamontanha.com.br\/wp-json\/wp\/v2\/comments?post=3958"}],"version-history":[{"count":16,"href":"https:\/\/www.rocknamontanha.com.br\/wp-json\/wp\/v2\/pages\/3958\/revisions"}],"predecessor-version":[{"id":4166,"href":"https:\/\/www.rocknamontanha.com.br\/wp-json\/wp\/v2\/pages\/3958\/revisions\/4166"}],"wp:attachment":[{"href":"https:\/\/www.rocknamontanha.com.br\/wp-json\/wp\/v2\/media?parent=3958"}],"curies":[{"name":"wp","href":"https:\/\/api.w.org\/{rel}","templated":true}]}}